{"id":31316,"date":"2023-10-05T13:19:23","date_gmt":"2023-10-05T13:19:23","guid":{"rendered":"https:\/\/proactive-software.com\/?page_id=31316"},"modified":"2024-12-05T11:24:18","modified_gmt":"2024-12-05T11:24:18","slug":"de-spend-cloud-en-exact","status":"publish","type":"page","link":"https:\/\/proactive-software.com\/nl\/de-spend-cloud-en-exact\/","title":{"rendered":"Partner: Digitale factuurverwerking en Exact"},"content":{"rendered":"\t\t<div data-elementor-type=\"wp-page\" data-elementor-id=\"31316\" class=\"elementor elementor-31316\" data-elementor-post-type=\"page\">\n\t\t\t\t\t\t\t\t\t<section class=\"elementor-section elementor-top-section elementor-element elementor-element-6916c2e elementor-section-boxed elementor-section-height-default elementor-section-height-default\" data-id=\"6916c2e\" data-element_type=\"section\" data-settings=\"{&quot;background_background&quot;:&quot;classic&quot;}\">\n\t\t\t\t\t\t<div class=\"elementor-container elementor-column-gap-default\">\n\t\t\t\t\t<div class=\"elementor-column elementor-col-50 elementor-top-column elementor-element elementor-element-397f63b\" data-id=\"397f63b\" data-element_type=\"column\">\n\t\t\t<div class=\"elementor-widget-wrap elementor-element-populated\">\n\t\t\t\t\t\t\t\t<div class=\"elementor-element elementor-element-7dbcd05 elementor-widget elementor-widget-heading\" data-id=\"7dbcd05\" data-element_type=\"widget\" data-widget_type=\"heading.default\">\n\t\t\t\t<div class=\"elementor-widget-container\">\n\t\t\t<h1 class=\"elementor-heading-title elementor-size-default\"><span style=\"color: rgb(0, 122, 202); --darkreader-inline-color: #3fb3ff;\" data-darkreader-inline-color=\"\">Digitale factuurverwerking<\/span>  en Exact<\/h1>\t\t<\/div>\n\t\t\t\t<\/div>\n\t\t\t\t<div class=\"elementor-element elementor-element-3863439 elementor-widget elementor-widget-text-editor\" data-id=\"3863439\" data-element_type=\"widget\" data-widget_type=\"text-editor.default\">\n\t\t\t\t<div class=\"elementor-widget-container\">\n\t\t\t\t\t\t\t<p><span style=\"font-weight: 400;\">Exact is in 1984 begonnen als een Delfts bedrijf van zes studenten. Toen was de ambitie al om de eerste stappen in digitalisering van boekhouding te zetten. Nu is Exact marktleider in financi\u00eble en bedrijfssoftware en leveren ze diensten aan lokale en internationale bedrijven. Logisch dat we trots zijn op de samenwerking tussen de Spend Cloud en het boekhoudprogramma van Exact!<\/span><\/p>\t\t\t\t\t\t<\/div>\n\t\t\t\t<\/div>\n\t\t\t\t\t<\/div>\n\t\t<\/div>\n\t\t\t\t<div class=\"elementor-column elementor-col-50 elementor-top-column elementor-element elementor-element-e98f495\" data-id=\"e98f495\" data-element_type=\"column\">\n\t\t\t<div class=\"elementor-widget-wrap elementor-element-populated\">\n\t\t\t\t\t\t\t\t<div class=\"elementor-element elementor-element-648b25a elementor-widget elementor-widget-image\" data-id=\"648b25a\" data-element_type=\"widget\" data-widget_type=\"image.default\">\n\t\t\t\t<div class=\"elementor-widget-container\">\n\t\t\t\t\t\t\t\t\t\t\t\t\t\t\t<img decoding=\"async\" width=\"600\" height=\"500\" src=\"https:\/\/proactive-software.com\/wp-content\/uploads\/2023\/06\/Partners-1.png\" class=\"attachment-large size-large wp-image-31078\" alt=\"\" srcset=\"https:\/\/proactive-software.com\/wp-content\/uploads\/2023\/06\/Partners-1.png 600w, https:\/\/proactive-software.com\/wp-content\/uploads\/2023\/06\/Partners-1-300x250.png 300w\" sizes=\"(max-width: 600px) 100vw, 600px\" \/>\t\t\t\t\t\t\t\t\t\t\t\t\t\t\t<\/div>\n\t\t\t\t<\/div>\n\t\t\t\t\t<\/div>\n\t\t<\/div>\n\t\t\t\t\t\t\t<\/div>\n\t\t<\/section>\n\t\t\t\t<section class=\"elementor-section elementor-top-section elementor-element elementor-element-5805199 voordelen_list elementor-section-boxed elementor-section-height-default elementor-section-height-default\" data-id=\"5805199\" data-element_type=\"section\" data-settings=\"{&quot;background_background&quot;:&quot;classic&quot;}\">\n\t\t\t\t\t\t<div class=\"elementor-container elementor-column-gap-default\">\n\t\t\t\t\t<div class=\"elementor-column elementor-col-100 elementor-top-column elementor-element elementor-element-236d54f\" data-id=\"236d54f\" data-element_type=\"column\">\n\t\t\t<div class=\"elementor-widget-wrap elementor-element-populated\">\n\t\t\t\t\t\t\t\t<div class=\"elementor-element elementor-element-e885ad1 elementor-widget elementor-widget-heading\" data-id=\"e885ad1\" data-element_type=\"widget\" data-widget_type=\"heading.default\">\n\t\t\t\t<div class=\"elementor-widget-container\">\n\t\t\t<h2 class=\"elementor-heading-title elementor-size-default\">Hoe werkt de Spend Cloud samen met Exact?<\/h2>\t\t<\/div>\n\t\t\t\t<\/div>\n\t\t\t\t<div class=\"elementor-element elementor-element-ff21f50 elementor-widget elementor-widget-text-editor\" data-id=\"ff21f50\" data-element_type=\"widget\" data-widget_type=\"text-editor.default\">\n\t\t\t\t<div class=\"elementor-widget-container\">\n\t\t\t\t\t\t\t\t\t\t\t\t\t<\/div>\n\t\t\t\t<\/div>\n\t\t\t\t<div class=\"elementor-element elementor-element-0fb3818 elementor-widget elementor-widget-text-editor\" data-id=\"0fb3818\" data-element_type=\"widget\" data-widget_type=\"text-editor.default\">\n\t\t\t\t<div class=\"elementor-widget-container\">\n\t\t\t\t\t\t\t<p><span style=\"font-weight: 400;\">De Spend Cloud kan gekoppeld worden aan diverse <\/span><a href=\"https:\/\/proactive-software.com\/nl\/boekhoudprogramma\/\" target=\"_blank\" rel=\"noopener\"><span style=\"font-weight: 400;\">boekhoudprogramma\u2019s<\/span><\/a><span style=\"font-weight: 400;\">, waaronder Exact. Met al meer dan 500.000 klanten, 35 jaar ervaring en een marktleiderspositie in de financi\u00eble en bedrijfssoftware, levert Exact een bewezen product. De software zet bijvoorbeeld ongestructureerde communicatie om in sociale samenwerking. Consolideer met \u00e9\u00e9n druk op de knop de financi\u00eble gegevens van alle vestigingen wereldwijd. En beheer een gezonde cashflow, verzamel en analyseer bedrijfsgegevens.&nbsp;<\/span><\/p>\n<p><span style=\"font-weight: 400;\">Door de Spend Cloud aan Exact te koppelen, kun je processen van begin tot eind vormgeven. Denk aan het gehele purchase to pay proces dat in de Spend Cloud bestaat uit inkoop-, factuurverwerkings- en contractmanagementsoftware. En declaratiesoftware met slimme betaalpassen voor medewerkers. <\/span><a href=\"https:\/\/proactive-software.com\/nl\/spend-cloud\/\" target=\"_blank\" rel=\"noopener\"><span style=\"font-weight: 400;\">Lees hier meer<\/span><\/a><span style=\"font-weight: 400;\"> over welke diverse opties de Spend Cloud te bieden heeft. <\/span><\/p>\t\t\t\t\t\t<\/div>\n\t\t\t\t<\/div>\n\t\t\t\t<div class=\"elementor-element elementor-element-54cb63b elementor-widget elementor-widget-spacer\" data-id=\"54cb63b\" data-element_type=\"widget\" data-widget_type=\"spacer.default\">\n\t\t\t\t<div class=\"elementor-widget-container\">\n\t\t\t\t\t<div class=\"elementor-spacer\">\n\t\t\t<div class=\"elementor-spacer-inner\"><\/div>\n\t\t<\/div>\n\t\t\t\t<\/div>\n\t\t\t\t<\/div>\n\t\t\t\t<div class=\"elementor-element elementor-element-db65416 elementor-widget elementor-widget-heading\" data-id=\"db65416\" data-element_type=\"widget\" data-widget_type=\"heading.default\">\n\t\t\t\t<div class=\"elementor-widget-container\">\n\t\t\t<h2 class=\"elementor-heading-title elementor-size-default\">Wat maakt Exact zo\u2019n waardevolle partner?<\/h2>\t\t<\/div>\n\t\t\t\t<\/div>\n\t\t\t\t<div class=\"elementor-element elementor-element-d071be0 elementor-widget elementor-widget-text-editor\" data-id=\"d071be0\" data-element_type=\"widget\" data-widget_type=\"text-editor.default\">\n\t\t\t\t<div class=\"elementor-widget-container\">\n\t\t\t\t\t\t\t<p><span style=\"font-weight: 400;\">De koppeling tussen de Spend Cloud en Exact is de onmisbare kern van elk van onze gezamenlijke klanten. Op het juiste moment over de juiste cijfers beschikken om de juiste keuzes te maken, is de basis voor iedere professional. Je moet kunnen vertrouwen op toekomstbestendige software voor het nemen van weloverwogen zakelijke beslissingen gericht op het behalen van de doelstellingen van vandaag en de ambities van morgen.\u00a0<\/span><\/p><p><span style=\"font-weight: 400;\">De Spend Cloud en de software van Exact maken gebruik van onder andere machine learning en kunstmatige intelligentie. Samen werken we aan een toekomst waarin data-invoer geautomatiseerd is en je daar zelf helemaal niets meer voor hoeft te doen. Meer automatisering, minder werkdruk.\u00a0<\/span><\/p><p><span style=\"font-weight: 400;\">Niet alleen bieden we dus de mogelijkheid om diverse processen rondom uitgaven van de organisatie te digitaliseren en automatiseren. We denken ook steeds mee over hoe het n\u00f3g beter kan. Lees verder over de koppeling tussen de Spend Cloud en Exact op de <\/span><a href=\"https:\/\/proactive-software.com\/nl\/boekhoudprogramma\/exact\/\" target=\"_blank\" rel=\"noopener\"><span style=\"font-weight: 400;\">boekhoudprogrammapagina<\/span><\/a><span style=\"font-weight: 400;\">. <\/span><\/p>\t\t\t\t\t\t<\/div>\n\t\t\t\t<\/div>\n\t\t\t\t<div class=\"elementor-element elementor-element-c6ed4a7 elementor-widget elementor-widget-heading\" data-id=\"c6ed4a7\" data-element_type=\"widget\" data-widget_type=\"heading.default\">\n\t\t\t\t<div class=\"elementor-widget-container\">\n\t\t\t<h2 class=\"elementor-heading-title elementor-size-default\">Benieuwd naar wat de Spend Cloud voor jou kan doen?<\/h2>\t\t<\/div>\n\t\t\t\t<\/div>\n\t\t\t\t<div class=\"elementor-element elementor-element-a09226f elementor-widget elementor-widget-text-editor\" data-id=\"a09226f\" data-element_type=\"widget\" data-widget_type=\"text-editor.default\">\n\t\t\t\t<div class=\"elementor-widget-container\">\n\t\t\t\t\t\t\t<p><span style=\"font-weight: 400;\">Op de<\/span><a href=\"https:\/\/proactive-software.com\/nl\/spend-cloud\/\" target=\"_blank\" rel=\"noopener\"><span style=\"font-weight: 400;\"> Spend Cloud-pagina<\/span><\/a><span style=\"font-weight: 400;\"> vind je meer informatie over hoe de software jouw uitgavenprocessen kan ondersteunen. Factuurverwerking, het inkoopproces, contractmanagement, declaraties verwerken, wij staan voor je klaar. Heb je al eens gehoord van slimme betaalpassen voor medewerkers? Ook deze oplossing sluit goed aan bij de behoeften van zorgorganisaties. We bewijzen de kracht van de software graag tijdens een <\/span><a href=\"https:\/\/proactive-software.com\/nl\/contact-nieuw\/\" target=\"_blank\" rel=\"noopener\"><span style=\"font-weight: 400;\">gratis demo<\/span><\/a><span style=\"font-weight: 400;\">. Spreken we je binnenkort? <\/span><\/p>\t\t\t\t\t\t<\/div>\n\t\t\t\t<\/div>\n\t\t\t\t<div class=\"elementor-element elementor-element-b5ae39f elementor-widget-divider--view-line elementor-widget elementor-widget-divider\" data-id=\"b5ae39f\" data-element_type=\"widget\" data-widget_type=\"divider.default\">\n\t\t\t\t<div class=\"elementor-widget-container\">\n\t\t\t\t\t<div class=\"elementor-divider\">\n\t\t\t<span class=\"elementor-divider-separator\">\n\t\t\t\t\t\t<\/span>\n\t\t<\/div>\n\t\t\t\t<\/div>\n\t\t\t\t<\/div>\n\t\t\t\t\t<\/div>\n\t\t<\/div>\n\t\t\t\t\t\t\t<\/div>\n\t\t<\/section>\n\t\t\t\t\t\t\t<\/div>\n\t\t","protected":false},"excerpt":{"rendered":"<p>Digitale factuurverwerking en Exact Exact is in 1984 begonnen als een Delfts bedrijf van zes studenten. Toen was de ambitie al om de eerste stappen in digitalisering van boekhouding te zetten. Nu is Exact marktleider in financi\u00eble en bedrijfssoftware en leveren ze diensten aan lokale en internationale bedrijven. Logisch dat we trots zijn op de [&hellip;]<\/p>\n","protected":false},"author":7,"featured_media":0,"parent":0,"menu_order":102,"comment_status":"closed","ping_status":"closed","template":"","meta":{"_acf_changed":false,"footnotes":""},"class_list":["post-31316","page","type-page","status-publish","hentry"],"acf":[],"yoast_head":"<!-- This site is optimized with the Yoast SEO plugin v27.1.1 - https:\/\/yoast.com\/product\/yoast-seo-wordpress\/ -->\n<title>Spend Cloud digitale factuurverwerking en Exact - Visma | ProActive<\/title>\n<meta name=\"description\" content=\"De Spend Cloud kan gekoppeld worden aan diverse boekhoudprogramma\u2019s, waaronder Exact. Lees hier meer over deze koppeling.\" \/>\n<meta name=\"robots\" content=\"index, follow, max-snippet:-1, max-image-preview:large, max-video-preview:-1\" \/>\n<link rel=\"canonical\" href=\"https:\/\/proactive-software.com\/nl\/de-spend-cloud-en-exact\/\" \/>\n<meta property=\"og:locale\" content=\"nl_NL\" \/>\n<meta property=\"og:type\" content=\"article\" \/>\n<meta property=\"og:title\" content=\"Spend Cloud digitale factuurverwerking en Exact - Visma | ProActive\" \/>\n<meta property=\"og:description\" content=\"De Spend Cloud kan gekoppeld worden aan diverse boekhoudprogramma\u2019s, waaronder Exact. Lees hier meer over deze koppeling.\" \/>\n<meta property=\"og:url\" content=\"https:\/\/proactive-software.com\/nl\/de-spend-cloud-en-exact\/\" \/>\n<meta property=\"og:site_name\" content=\"Visma | ProActive\" \/>\n<meta property=\"article:modified_time\" content=\"2024-12-05T11:24:18+00:00\" \/>\n<meta property=\"og:image\" content=\"https:\/\/proactive-software.com\/wp-content\/uploads\/2023\/06\/Partners-1.png\" \/>\n\t<meta property=\"og:image:width\" content=\"600\" \/>\n\t<meta property=\"og:image:height\" content=\"500\" \/>\n\t<meta property=\"og:image:type\" content=\"image\/png\" \/>\n<meta name=\"twitter:card\" content=\"summary_large_image\" \/>\n<meta name=\"twitter:label1\" content=\"Geschatte leestijd\" \/>\n\t<meta name=\"twitter:data1\" content=\"3 minuten\" \/>\n<script type=\"application\/ld+json\" class=\"yoast-schema-graph\">{\"@context\":\"https:\/\/schema.org\",\"@graph\":[{\"@type\":\"WebPage\",\"@id\":\"https:\/\/proactive-software.com\/nl\/de-spend-cloud-en-exact\/\",\"url\":\"https:\/\/proactive-software.com\/nl\/de-spend-cloud-en-exact\/\",\"name\":\"Spend Cloud digitale factuurverwerking en Exact - Visma | ProActive\",\"isPartOf\":{\"@id\":\"https:\/\/proactive-software.com\/nl\/#website\"},\"primaryImageOfPage\":{\"@id\":\"https:\/\/proactive-software.com\/nl\/de-spend-cloud-en-exact\/#primaryimage\"},\"image\":{\"@id\":\"https:\/\/proactive-software.com\/nl\/de-spend-cloud-en-exact\/#primaryimage\"},\"thumbnailUrl\":\"https:\/\/proactive-software.com\/wp-content\/uploads\/2023\/06\/Partners-1.png\",\"datePublished\":\"2023-10-05T13:19:23+00:00\",\"dateModified\":\"2024-12-05T11:24:18+00:00\",\"description\":\"De Spend Cloud kan gekoppeld worden aan diverse boekhoudprogramma\u2019s, waaronder Exact. Lees hier meer over deze koppeling.\",\"breadcrumb\":{\"@id\":\"https:\/\/proactive-software.com\/nl\/de-spend-cloud-en-exact\/#breadcrumb\"},\"inLanguage\":\"nl-NL\",\"potentialAction\":[{\"@type\":\"ReadAction\",\"target\":[\"https:\/\/proactive-software.com\/nl\/de-spend-cloud-en-exact\/\"]}]},{\"@type\":\"ImageObject\",\"inLanguage\":\"nl-NL\",\"@id\":\"https:\/\/proactive-software.com\/nl\/de-spend-cloud-en-exact\/#primaryimage\",\"url\":\"https:\/\/proactive-software.com\/wp-content\/uploads\/2023\/06\/Partners-1.png\",\"contentUrl\":\"https:\/\/proactive-software.com\/wp-content\/uploads\/2023\/06\/Partners-1.png\"},{\"@type\":\"BreadcrumbList\",\"@id\":\"https:\/\/proactive-software.com\/nl\/de-spend-cloud-en-exact\/#breadcrumb\",\"itemListElement\":[{\"@type\":\"ListItem\",\"position\":1,\"name\":\"Home\",\"item\":\"https:\/\/proactive-software.com\/nl\/\"},{\"@type\":\"ListItem\",\"position\":2,\"name\":\"Partner: Digitale factuurverwerking en Exact\"}]},{\"@type\":\"WebSite\",\"@id\":\"https:\/\/proactive-software.com\/nl\/#website\",\"url\":\"https:\/\/proactive-software.com\/nl\/\",\"name\":\"Visma | ProActive\",\"description\":\"Your Ultimate Spend Assistant\",\"publisher\":{\"@id\":\"https:\/\/proactive-software.com\/nl\/#organization\"},\"potentialAction\":[{\"@type\":\"SearchAction\",\"target\":{\"@type\":\"EntryPoint\",\"urlTemplate\":\"https:\/\/proactive-software.com\/nl\/?s={search_term_string}\"},\"query-input\":{\"@type\":\"PropertyValueSpecification\",\"valueRequired\":true,\"valueName\":\"search_term_string\"}}],\"inLanguage\":\"nl-NL\"},{\"@type\":\"Organization\",\"@id\":\"https:\/\/proactive-software.com\/nl\/#organization\",\"name\":\"Visma | Proactive\",\"url\":\"https:\/\/proactive-software.com\/nl\/\",\"logo\":{\"@type\":\"ImageObject\",\"inLanguage\":\"nl-NL\",\"@id\":\"https:\/\/proactive-software.com\/nl\/#\/schema\/logo\/image\/\",\"url\":\"https:\/\/proactive-software.com\/wp-content\/uploads\/2023\/07\/logo-pa.svg\",\"contentUrl\":\"https:\/\/proactive-software.com\/wp-content\/uploads\/2023\/07\/logo-pa.svg\",\"width\":627,\"height\":73,\"caption\":\"Visma | Proactive\"},\"image\":{\"@id\":\"https:\/\/proactive-software.com\/nl\/#\/schema\/logo\/image\/\"}}]}<\/script>\n<!-- \/ Yoast SEO plugin. -->","yoast_head_json":{"title":"Spend Cloud digitale factuurverwerking en Exact - Visma | ProActive","description":"De Spend Cloud kan gekoppeld worden aan diverse boekhoudprogramma\u2019s, waaronder Exact. Lees hier meer over deze koppeling.","robots":{"index":"index","follow":"follow","max-snippet":"max-snippet:-1","max-image-preview":"max-image-preview:large","max-video-preview":"max-video-preview:-1"},"canonical":"https:\/\/proactive-software.com\/nl\/de-spend-cloud-en-exact\/","og_locale":"nl_NL","og_type":"article","og_title":"Spend Cloud digitale factuurverwerking en Exact - Visma | ProActive","og_description":"De Spend Cloud kan gekoppeld worden aan diverse boekhoudprogramma\u2019s, waaronder Exact. Lees hier meer over deze koppeling.","og_url":"https:\/\/proactive-software.com\/nl\/de-spend-cloud-en-exact\/","og_site_name":"Visma | ProActive","article_modified_time":"2024-12-05T11:24:18+00:00","og_image":[{"width":600,"height":500,"url":"https:\/\/proactive-software.com\/wp-content\/uploads\/2023\/06\/Partners-1.png","type":"image\/png"}],"twitter_card":"summary_large_image","twitter_misc":{"Geschatte leestijd":"3 minuten"},"schema":{"@context":"https:\/\/schema.org","@graph":[{"@type":"WebPage","@id":"https:\/\/proactive-software.com\/nl\/de-spend-cloud-en-exact\/","url":"https:\/\/proactive-software.com\/nl\/de-spend-cloud-en-exact\/","name":"Spend Cloud digitale factuurverwerking en Exact - Visma | ProActive","isPartOf":{"@id":"https:\/\/proactive-software.com\/nl\/#website"},"primaryImageOfPage":{"@id":"https:\/\/proactive-software.com\/nl\/de-spend-cloud-en-exact\/#primaryimage"},"image":{"@id":"https:\/\/proactive-software.com\/nl\/de-spend-cloud-en-exact\/#primaryimage"},"thumbnailUrl":"https:\/\/proactive-software.com\/wp-content\/uploads\/2023\/06\/Partners-1.png","datePublished":"2023-10-05T13:19:23+00:00","dateModified":"2024-12-05T11:24:18+00:00","description":"De Spend Cloud kan gekoppeld worden aan diverse boekhoudprogramma\u2019s, waaronder Exact. Lees hier meer over deze koppeling.","breadcrumb":{"@id":"https:\/\/proactive-software.com\/nl\/de-spend-cloud-en-exact\/#breadcrumb"},"inLanguage":"nl-NL","potentialAction":[{"@type":"ReadAction","target":["https:\/\/proactive-software.com\/nl\/de-spend-cloud-en-exact\/"]}]},{"@type":"ImageObject","inLanguage":"nl-NL","@id":"https:\/\/proactive-software.com\/nl\/de-spend-cloud-en-exact\/#primaryimage","url":"https:\/\/proactive-software.com\/wp-content\/uploads\/2023\/06\/Partners-1.png","contentUrl":"https:\/\/proactive-software.com\/wp-content\/uploads\/2023\/06\/Partners-1.png"},{"@type":"BreadcrumbList","@id":"https:\/\/proactive-software.com\/nl\/de-spend-cloud-en-exact\/#breadcrumb","itemListElement":[{"@type":"ListItem","position":1,"name":"Home","item":"https:\/\/proactive-software.com\/nl\/"},{"@type":"ListItem","position":2,"name":"Partner: Digitale factuurverwerking en Exact"}]},{"@type":"WebSite","@id":"https:\/\/proactive-software.com\/nl\/#website","url":"https:\/\/proactive-software.com\/nl\/","name":"Visma | ProActive","description":"Your Ultimate Spend Assistant","publisher":{"@id":"https:\/\/proactive-software.com\/nl\/#organization"},"potentialAction":[{"@type":"SearchAction","target":{"@type":"EntryPoint","urlTemplate":"https:\/\/proactive-software.com\/nl\/?s={search_term_string}"},"query-input":{"@type":"PropertyValueSpecification","valueRequired":true,"valueName":"search_term_string"}}],"inLanguage":"nl-NL"},{"@type":"Organization","@id":"https:\/\/proactive-software.com\/nl\/#organization","name":"Visma | Proactive","url":"https:\/\/proactive-software.com\/nl\/","logo":{"@type":"ImageObject","inLanguage":"nl-NL","@id":"https:\/\/proactive-software.com\/nl\/#\/schema\/logo\/image\/","url":"https:\/\/proactive-software.com\/wp-content\/uploads\/2023\/07\/logo-pa.svg","contentUrl":"https:\/\/proactive-software.com\/wp-content\/uploads\/2023\/07\/logo-pa.svg","width":627,"height":73,"caption":"Visma | Proactive"},"image":{"@id":"https:\/\/proactive-software.com\/nl\/#\/schema\/logo\/image\/"}}]}},"_links":{"self":[{"href":"https:\/\/proactive-software.com\/nl\/wp-json\/wp\/v2\/pages\/31316","targetHints":{"allow":["GET"]}}],"collection":[{"href":"https:\/\/proactive-software.com\/nl\/wp-json\/wp\/v2\/pages"}],"about":[{"href":"https:\/\/proactive-software.com\/nl\/wp-json\/wp\/v2\/types\/page"}],"author":[{"embeddable":true,"href":"https:\/\/proactive-software.com\/nl\/wp-json\/wp\/v2\/users\/7"}],"replies":[{"embeddable":true,"href":"https:\/\/proactive-software.com\/nl\/wp-json\/wp\/v2\/comments?post=31316"}],"version-history":[{"count":0,"href":"https:\/\/proactive-software.com\/nl\/wp-json\/wp\/v2\/pages\/31316\/revisions"}],"wp:attachment":[{"href":"https:\/\/proactive-software.com\/nl\/wp-json\/wp\/v2\/media?parent=31316"}],"curies":[{"name":"wp","href":"https:\/\/api.w.org\/{rel}","templated":true}]}}